{"id":29,"date":"2023-10-09T12:42:04","date_gmt":"2023-10-09T09:42:04","guid":{"rendered":"https:\/\/akideja.lt\/?page_id=29"},"modified":"2023-10-09T12:42:05","modified_gmt":"2023-10-09T09:42:05","slug":"slapuku-naudojimo-informacija","status":"publish","type":"page","link":"https:\/\/akideja.lt\/index.php\/slapuku-naudojimo-informacija\/","title":{"rendered":"SLAPUK\u0172 NAUDOJIMO INFORMACIJA"},"content":{"rendered":"\n<p><\/p>\n\n\n\n<h1 class=\"wp-block-heading\">1.&nbsp;&nbsp;&nbsp; KAS MES ESAME, KAIP IR KOD\u0116L NAUDOJAME SLAPUKUS?<\/h1>\n\n\n\n<p>UAB \u201eAk, id\u0117ja\u201c (toliau \u2013 Mes, Bendrov\u0117 arba Duomen\u0173 valdytojas) yra \u012fsteigta Lietuvos Respublikoje. Mes suprantame, kad r\u016bpinat\u0117s savo asmeniniais privatumo interesais, tod\u0117l \u012f tai \u017ei\u016brime rimtai.<\/p>\n\n\n\n<p>Jums lankantis m\u016bs\u0173 interneto tinklapyje, mes naudojame b\u016btinus slapukus, kurie u\u017etikrina m\u016bs\u0173 interneto tinklapio veikim\u0105.<\/p>\n\n\n\n<p>Toliau pateikiame bendr\u0105 informacij\u0105 apie tai, kaip slapukai naudojami, paliekami j\u016bs\u0173 \u012frenginyje ar pa\u0161alinami.<\/p>\n\n\n\n<h2 class=\"wp-block-heading\">2.1. Kas yra slapukas?<\/h2>\n\n\n\n<p>Slapukais vadinami informacijos elementai, perkeliami i\u0161 interneto tinklapio \u012f j\u016bs\u0173 kompiuterio stand\u0173j\u012f disk\u0105. Tai nedideli informacijos failai, kurie leid\u017eia interneto tinklapiams i\u0161saugoti ir v\u0117l pasiekti informacij\u0105 apie naudotojo nar\u0161ymo \u012fpro\u010dius. Slapukus naudoja dauguma interneto tinklapi\u0173, nes jie yra viena i\u0161 daugyb\u0117s priemoni\u0173, kurios padeda pritaikyti interneto turin\u012f prie naudotoj\u0173 poreiki\u0173.<\/p>\n\n\n\n<p>Slapukai b\u016bna: laikinieji \u2013 pa\u0161alinami, kai u\u017edaroma nar\u0161ykl\u0117; nuolatiniai \u2013 nepa\u0161alinami, kurie lieka tol, kol pa\u0161alinami aktyviais veiksmais arba kol baigiasi j\u0173 galiojimas.<\/p>\n\n\n\n<p>Taip pat slapukai b\u016bna:<\/p>\n\n\n\n<ul class=\"wp-block-list\">\n<li>b\u016btinieji, t.y.,&nbsp; b\u016btini tam, kad gal\u0117tum\u0117te \u017evalgytis po interneto tinklap\u012f ir naudotis jo funkcijomis;<\/li>\n\n\n\n<li>funkcijas gerinantys, t.y., renka informacij\u0105 apie tai, kaip naudojamasi interneto tinklapiu, ta\u010diau \u0161ie slapukai nerenka informacijos, leid\u017eian\u010dios atpa\u017einti interneto tinklapio lankytoj\u0105;<\/li>\n\n\n\n<li>funkciniai, t.y., slapukai, kurie leid\u017eia interneto tinklapiui \u012fsiminti j\u016bs\u0173 pasirinktus dalykus (vardas, kalba, regionas ir pan.) ir pasi\u016blyti patobulintas, jums asmeni\u0161kai pritaikytas funkcijas;<\/li>\n\n\n\n<li>tiksliniai arba reklaminiai, t.y., naudojami tam, kad rodyt\u0173 reklaminius skelbimus, kurie tur\u0117t\u0173 b\u016bti \u012fdom\u016bs b\u016btent jums ir atitikti j\u016bs\u0173 interesus.<\/li>\n<\/ul>\n\n\n\n<h2 class=\"wp-block-heading\">2.2. Slapuk\u0173 \u0161alinimas<\/h2>\n\n\n\n<p>Daugelis nar\u0161ykli\u0173 yra nustatytos taip, kad automati\u0161kai priimt\u0173 slapukus. Galite nar\u0161ykl\u0117je slapukus i\u0161jungti ar i\u0161trinti, ta\u010diau tokiu atveju galite netekti galimyb\u0117s naudotis kai kuriomis ar daugeliu interneto tinklapio funkcij\u0173, kurios b\u016btinos, kad interneto tinklapis veikt\u0173 kaip dera.<\/p>\n","protected":false},"excerpt":{"rendered":"<p>1.&nbsp;&nbsp;&nbsp; KAS MES ESAME, KAIP IR KOD\u0116L NAUDOJAME SLAPUKUS? UAB \u201eAk, id\u0117ja\u201c (toliau \u2013 Mes, Bendrov\u0117 arba Duomen\u0173 valdytojas) yra \u012fsteigta Lietuvos Respublikoje. Mes suprantame, kad r\u016bpinat\u0117s savo asmeniniais privatumo interesais, tod\u0117l \u012f tai \u017ei\u016brime rimtai. Jums lankantis m\u016bs\u0173 interneto tinklapyje, mes naudojame b\u016btinus slapukus, kurie u\u017etikrina m\u016bs\u0173 interneto tinklapio veikim\u0105. Toliau pateikiame bendr\u0105 informacij\u0105 [&hellip;]<\/p>\n","protected":false},"author":1,"featured_media":0,"parent":0,"menu_order":0,"comment_status":"closed","ping_status":"closed","template":"","meta":{"footnotes":""},"class_list":["post-29","page","type-page","status-publish","hentry"],"_links":{"self":[{"href":"https:\/\/akideja.lt\/index.php\/wp-json\/wp\/v2\/pages\/29","targetHints":{"allow":["GET"]}}],"collection":[{"href":"https:\/\/akideja.lt\/index.php\/wp-json\/wp\/v2\/pages"}],"about":[{"href":"https:\/\/akideja.lt\/index.php\/wp-json\/wp\/v2\/types\/page"}],"author":[{"embeddable":true,"href":"https:\/\/akideja.lt\/index.php\/wp-json\/wp\/v2\/users\/1"}],"replies":[{"embeddable":true,"href":"https:\/\/akideja.lt\/index.php\/wp-json\/wp\/v2\/comments?post=29"}],"version-history":[{"count":1,"href":"https:\/\/akideja.lt\/index.php\/wp-json\/wp\/v2\/pages\/29\/revisions"}],"predecessor-version":[{"id":30,"href":"https:\/\/akideja.lt\/index.php\/wp-json\/wp\/v2\/pages\/29\/revisions\/30"}],"wp:attachment":[{"href":"https:\/\/akideja.lt\/index.php\/wp-json\/wp\/v2\/media?parent=29"}],"curies":[{"name":"wp","href":"https:\/\/api.w.org\/{rel}","templated":true}]}}