{"id":31,"date":"2023-10-09T12:43:22","date_gmt":"2023-10-09T09:43:22","guid":{"rendered":"https:\/\/akideja.lt\/?page_id=31"},"modified":"2023-10-09T12:43:22","modified_gmt":"2023-10-09T09:43:22","slug":"interneto-tinklapio-naudojimo-salygos","status":"publish","type":"page","link":"https:\/\/akideja.lt\/index.php\/interneto-tinklapio-naudojimo-salygos\/","title":{"rendered":"INTERNETO TINKLAPIO NAUDOJIMO S\u0104LYGOS"},"content":{"rendered":"\n<p><\/p>\n\n\n\n<p>Jei nesutinkate su n\u0117 viena i\u0161 \u0161i\u0173 s\u0105lyg\u0173, pra\u0161ome nesinaudoti Interneto tinklapiu.<\/p>\n\n\n\n<p>Mes pasiliekame teis\u0119 bet kada ir be i\u0161ankstinio \u012fsp\u0117jimo viena\u0161ali\u0161kai keisti arba papildyti Naudojimo s\u0105lygas, apie kurias visi vartotojai bus tinkamai informuojami atitinkamu prane\u0161imu Interneto tinklapyje. Mes negalime b\u016bti laikomi atsakingais u\u017e bet koki\u0105 \u017eal\u0105, padaryt\u0105 vartotojams ar tre\u010diosioms \u0161alims, susijusioms su auk\u0161\u010diau apra\u0161ytais pakeitimais.<\/p>\n\n\n\n<p>Draud\u017eiama skelbti, perduoti, \u012fkelti ar keistis bet kokiu turiniu, pa\u017eeid\u017eian\u010diu galiojan\u010dius Lietuvos Respublikos ir Europos S\u0105jungos \u012fstatymus, ypa\u010d neties\u0105, apgauling\u0105, \u012f\u017eeid\u017eiant\u012f, vulgar\u0173, grasinant\u012f, rasistin\u012f ar \u0161ovinistin\u012f, intelektin\u0119 nuosavyb\u0119 pa\u017eeid\u017eiant\u012f turin\u012f, turin\u012f, laikom\u0105 neteis\u0117tu asmens duomen\u0173 atskleidimu arba vartotoj\u0173 ar tre\u010di\u0173j\u0173 \u0161ali\u0173 teis\u0117s \u012f privatum\u0105 pa\u017eeidimu, taip pat bet kok\u012f kit\u0105 turin\u012f, galint\u012f padaryti \u017ealos Mums, kitiems vartotojams ar tre\u010diosioms \u0161alims (toliau \u2013 Draud\u017eiamas turinys).<\/p>\n\n\n\n<p>Draud\u017eiama: naudoti Interneto tinklap\u012f ar per j\u012f prieinam\u0105 turin\u012f tokiu b\u016bdu, kuris gali padaryti Mums \u017ealos, kitiems vartotojams ar bet kuriai tre\u010diajai \u0161aliai.<\/p>\n\n\n\n<p>Vartotojai arba tre\u010diosios \u0161alys yra teisi\u0161kai atsakingos u\u017e \u0161i\u0173 Naudojimo s\u0105lyg\u0173 nuostat\u0173, susijusi\u0173 su Draud\u017eiama veikla ar Draud\u017eiamu turiniu, nesilaikym\u0105, ypa\u010d u\u017e galim\u0105 \u017eal\u0105, kuri\u0105 tokie veiksmai gali padaryti ar padar\u0117 Mums, kitiems vartotojams ir (arba) tre\u010diosioms \u0161alims.<\/p>\n\n\n\n<p>Atsi\u017evelgiant \u012f tai, mes negalime b\u016bti laikomi atsakingi u\u017e galim\u0105 \u017eal\u0105, patirt\u0105 vartotojui, kitiems vartotojams ar tre\u010diosioms \u0161alims d\u0117l Draud\u017eiamos veiklos ar Draud\u017eiamo turinio pagal ankstesnes nuostatas.<\/p>\n\n\n\n<p>Tuo atveju, kai j\u016bs gaunate prieig\u0105 prie kitos \u0161alies konfidencialios informacijos naudodamiesi Interneto tinklapiu, gav\u0119 toki\u0105 informacij\u0105 privalote i\u0161laikyti tokios informacijos konfidencialum\u0105 tinkamu b\u016bdu, bet jokiu b\u016bdu ne ma\u017eiau nei pagr\u012fstai r\u016bpestingai.<\/p>\n\n\n\n<p>Interneto tinklapyje pateikiami fizini\u0173 ir juridini\u0173 asmen\u0173 vardai, preki\u0173 ar paslaug\u0173 pavadinimai, preki\u0173 \u017eenklai, logotipai, paveiksl\u0117liai, grafika ir kitas turinys, kuriam taikoma intelektin\u0117s nuosavyb\u0117s teisi\u0173 apsauga (Saugomas turinys), kurios subjektai esame Mes ir (arba) tre\u010diosios \u0161alys. Prieiga prie Interneto tinklapio ar jo turinio arba naudojimasis jais nesuteikia jokios licencijos, teis\u0117s naudoti, teis\u0117s eksploatuoti ar bet kokios kitos teis\u0117s, susijusios su Saugomu turiniu, i\u0161skyrus tiek ir tokiu b\u016bdu, kiek ai\u0161kiai nurodyta \u0161i\u0173 Naudojimo s\u0105lyg\u0173 nuostatose arba pagal atitinkam\u0105 atskir\u0105 sutart\u012f.<\/p>\n\n\n\n<p>Interneto tinklalapio ir paslaug\u0173 ar preki\u0173 naudojimas yra j\u016bs\u0173 pa\u010di\u0173 rizika. Interneto tinklapis ir paslaugos ar prek\u0117s yra pateikiamos tokios, kokios yra. Interneto tinklapis yra teikiamas be joki\u0173 garantij\u0173, tiek ai\u0161ki\u0173, tiek numanom\u0173.<\/p>\n\n\n\n<p>Mes negarantuojame, kad<\/p>\n\n\n\n<p>Interneto tinklapis ir paslaugos ar prek\u0117s veiks nepertraukiamai, saugiai arba bus pasiekiami bet kuriuo konkre\u010diu laiku ar vietoje;<\/p>\n\n\n\n<p>visos klaidos ar tr\u016bkumai bus i\u0161taisyti;<\/p>\n\n\n\n<p>Interneto tinklapyje n\u0117ra virus\u0173 ar kit\u0173 kenksming\u0173 komponent\u0173; arba<\/p>\n\n\n\n<p>Interneto tinklapio ir paslaug\u0173 ar preki\u0173 naudojimo rezultatai atitiks j\u016bs\u0173 reikalavimus.<\/p>\n\n\n\n<p>\u0160ios s\u0105lygos taikomos ir ai\u0161kinamos pagal Lietuvos Respublikos teis\u0119. Gin\u010do atveju taikoma i\u0161imtin\u0117 Lietuvos teism\u0173 jurisdikcija.<\/p>\n\n\n\n<ol class=\"wp-block-list\" type=\"1\"><\/ol>\n\n\n\n<p><\/p>\n","protected":false},"excerpt":{"rendered":"<p>Jei nesutinkate su n\u0117 viena i\u0161 \u0161i\u0173 s\u0105lyg\u0173, pra\u0161ome nesinaudoti Interneto tinklapiu. Mes pasiliekame teis\u0119 bet kada ir be i\u0161ankstinio \u012fsp\u0117jimo viena\u0161ali\u0161kai keisti arba papildyti Naudojimo s\u0105lygas, apie kurias visi vartotojai bus tinkamai informuojami atitinkamu prane\u0161imu Interneto tinklapyje. Mes negalime b\u016bti laikomi atsakingais u\u017e bet koki\u0105 \u017eal\u0105, padaryt\u0105 vartotojams ar tre\u010diosioms \u0161alims, susijusioms su auk\u0161\u010diau [&hellip;]<\/p>\n","protected":false},"author":1,"featured_media":0,"parent":0,"menu_order":0,"comment_status":"closed","ping_status":"closed","template":"","meta":{"footnotes":""},"class_list":["post-31","page","type-page","status-publish","hentry"],"_links":{"self":[{"href":"https:\/\/akideja.lt\/index.php\/wp-json\/wp\/v2\/pages\/31","targetHints":{"allow":["GET"]}}],"collection":[{"href":"https:\/\/akideja.lt\/index.php\/wp-json\/wp\/v2\/pages"}],"about":[{"href":"https:\/\/akideja.lt\/index.php\/wp-json\/wp\/v2\/types\/page"}],"author":[{"embeddable":true,"href":"https:\/\/akideja.lt\/index.php\/wp-json\/wp\/v2\/users\/1"}],"replies":[{"embeddable":true,"href":"https:\/\/akideja.lt\/index.php\/wp-json\/wp\/v2\/comments?post=31"}],"version-history":[{"count":1,"href":"https:\/\/akideja.lt\/index.php\/wp-json\/wp\/v2\/pages\/31\/revisions"}],"predecessor-version":[{"id":32,"href":"https:\/\/akideja.lt\/index.php\/wp-json\/wp\/v2\/pages\/31\/revisions\/32"}],"wp:attachment":[{"href":"https:\/\/akideja.lt\/index.php\/wp-json\/wp\/v2\/media?parent=31"}],"curies":[{"name":"wp","href":"https:\/\/api.w.org\/{rel}","templated":true}]}}